{"id":198,"date":"2024-12-06T16:38:39","date_gmt":"2024-12-06T16:38:39","guid":{"rendered":"https:\/\/aminhaplanta.pt\/minhaplanta\/?page_id=198"},"modified":"2024-12-11T13:54:03","modified_gmt":"2024-12-11T13:54:03","slug":"resolucao-alternativa-de-litigios","status":"publish","type":"page","link":"https:\/\/aminhaplanta.pt\/minhaplanta\/resolucao-alternativa-de-litigios\/","title":{"rendered":"Resolu\u00e7\u00e3o Alternativa de Lit\u00edgios"},"content":{"rendered":"\t\t<div data-elementor-type=\"wp-page\" data-elementor-id=\"198\" class=\"elementor elementor-198\" data-elementor-post-type=\"page\">\n\t\t\t\t\t\t<section class=\"elementor-section elementor-top-section elementor-element elementor-element-0c83c75 elementor-section-height-min-height elementor-section-boxed elementor-section-height-default elementor-section-items-middle\" data-id=\"0c83c75\" data-element_type=\"section\" data-settings=\"{&quot;background_background&quot;:&quot;classic&quot;}\">\n\t\t\t\t\t\t\t<div class=\"elementor-background-overlay\"><\/div>\n\t\t\t\t\t\t\t<div class=\"elementor-container elementor-column-gap-default\">\n\t\t\t\t\t<div class=\"elementor-column elementor-col-100 elementor-top-column elementor-element elementor-element-0f37e8e\" data-id=\"0f37e8e\" data-element_type=\"column\">\n\t\t\t<div class=\"elementor-widget-wrap elementor-element-populated\">\n\t\t\t\t\t\t<div class=\"elementor-element elementor-element-2ed85e5 elementor-widget elementor-widget-heading\" data-id=\"2ed85e5\" data-element_type=\"widget\" data-widget_type=\"heading.default\">\n\t\t\t\t<div class=\"elementor-widget-container\">\n\t\t\t<h1 class=\"elementor-heading-title elementor-size-default\">Resolu\u00e7\u00e3o Alternativa de Lit\u00edgios<\/h1>\t\t<\/div>\n\t\t\t\t<\/div>\n\t\t\t\t\t<\/div>\n\t\t<\/div>\n\t\t\t\t\t<\/div>\n\t\t<\/section>\n\t\t<div class=\"elementor-element elementor-element-6ac5fe9 e-flex e-con-boxed e-con e-parent\" data-id=\"6ac5fe9\" data-element_type=\"container\">\n\t\t\t\t\t<div class=\"e-con-inner\">\n\t\t\t\t<div class=\"elementor-element elementor-element-39071df custom-p elementor-widget elementor-widget-text-editor\" data-id=\"39071df\" data-element_type=\"widget\" data-widget_type=\"text-editor.default\">\n\t\t\t\t<div class=\"elementor-widget-container\">\n\t\t\t\t\t\t\t<p>De acordo com a Lei n\u00ba 144\/2015, em caso de lit\u00edgio o consumidor pode recorrer a uma Entidade de Resolu\u00e7\u00e3o Alternativa de Lit\u00edgios: CIAB * <a href=\"http:\/\/ciab.pt\/\">http:\/\/ciab.pt<\/a> || CNIACC * <a href=\"http:\/\/arbitragemdeconsumo.org\/\">http:\/\/arbitragemdeconsumo.org<\/a><\/p><p>\u00a0<\/p><p>Mais informa\u00e7\u00f5es em Portal do Consumidor (<a href=\"http:\/\/www.consumidor.pt\/\">www.consumidor.pt<\/a>).<\/p><p>\u00a0<\/p><p>Para toda e qualquer ac\u00e7\u00e3o judicial decorrente da compra e venda\/presta\u00e7\u00e3o de servi\u00e7os fica estabelecido como \u00fanico competente o foro da Comarca do Fund\u00e3o, com expressa ren\u00fancia a qualquer outro (n\u00ba 1 do artigo 74\u00aa do C\u00f3digo do Processo Civil)<\/p>\t\t\t\t\t\t<\/div>\n\t\t\t\t<\/div>\n\t\t\t\t\t<\/div>\n\t\t\t\t<\/div>\n\t\t\t\t<\/div>\n\t\t","protected":false},"excerpt":{"rendered":"<p>De acordo com a Lei n\u00ba 144\/2015, em caso de lit\u00edgio o consumidor pode recorrer a uma Entidade de Resolu\u00e7\u00e3o Alternativa de Lit\u00edgios: CIAB * http:\/\/ciab.pt || CNIACC * http:\/\/arbitragemdeconsumo.org \u00a0 Mais informa\u00e7\u00f5es em Portal do Consumidor (www.consumidor.pt). \u00a0 Para toda e qualquer ac\u00e7\u00e3o judicial decorrente da compra e venda\/presta\u00e7\u00e3o de servi\u00e7os fica estabelecido como [&hellip;]<\/p>\n","protected":false},"author":1,"featured_media":0,"parent":0,"menu_order":0,"comment_status":"closed","ping_status":"closed","template":"","meta":{"footnotes":""},"class_list":["post-198","page","type-page","status-publish","hentry"],"yoast_head":"<!-- This site is optimized with the Yoast SEO plugin v24.0 - https:\/\/yoast.com\/wordpress\/plugins\/seo\/ -->\n<title>Resolu\u00e7\u00e3o Alternativa de Lit\u00edgios - A Minha Planta<\/title>\n<meta name=\"robots\" content=\"index, follow, max-snippet:-1, max-image-preview:large, max-video-preview:-1\" \/>\n<link rel=\"canonical\" href=\"https:\/\/aminhaplanta.pt\/minhaplanta\/resolucao-alternativa-de-litigios\/\" \/>\n<meta property=\"og:locale\" content=\"pt_PT\" \/>\n<meta property=\"og:type\" content=\"article\" \/>\n<meta property=\"og:title\" content=\"Resolu\u00e7\u00e3o Alternativa de Lit\u00edgios - A Minha Planta\" \/>\n<meta property=\"og:description\" content=\"De acordo com a Lei n\u00ba 144\/2015, em caso de lit\u00edgio o consumidor pode recorrer a uma Entidade de Resolu\u00e7\u00e3o Alternativa de Lit\u00edgios: CIAB * http:\/\/ciab.pt || CNIACC * http:\/\/arbitragemdeconsumo.org \u00a0 Mais informa\u00e7\u00f5es em Portal do Consumidor (www.consumidor.pt). \u00a0 Para toda e qualquer ac\u00e7\u00e3o judicial decorrente da compra e venda\/presta\u00e7\u00e3o de servi\u00e7os fica estabelecido como [&hellip;]\" \/>\n<meta property=\"og:url\" content=\"https:\/\/aminhaplanta.pt\/minhaplanta\/resolucao-alternativa-de-litigios\/\" \/>\n<meta property=\"og:site_name\" content=\"A Minha Planta\" \/>\n<meta property=\"article:modified_time\" content=\"2024-12-11T13:54:03+00:00\" \/>\n<meta name=\"twitter:card\" content=\"summary_large_image\" \/>\n<script type=\"application\/ld+json\" class=\"yoast-schema-graph\">{\"@context\":\"https:\/\/schema.org\",\"@graph\":[{\"@type\":\"WebPage\",\"@id\":\"https:\/\/aminhaplanta.pt\/minhaplanta\/resolucao-alternativa-de-litigios\/\",\"url\":\"https:\/\/aminhaplanta.pt\/minhaplanta\/resolucao-alternativa-de-litigios\/\",\"name\":\"Resolu\u00e7\u00e3o Alternativa de Lit\u00edgios - A Minha Planta\",\"isPartOf\":{\"@id\":\"https:\/\/aminhaplanta.pt\/minhaplanta\/#website\"},\"datePublished\":\"2024-12-06T16:38:39+00:00\",\"dateModified\":\"2024-12-11T13:54:03+00:00\",\"breadcrumb\":{\"@id\":\"https:\/\/aminhaplanta.pt\/minhaplanta\/resolucao-alternativa-de-litigios\/#breadcrumb\"},\"inLanguage\":\"pt-PT\",\"potentialAction\":[{\"@type\":\"ReadAction\",\"target\":[\"https:\/\/aminhaplanta.pt\/minhaplanta\/resolucao-alternativa-de-litigios\/\"]}]},{\"@type\":\"BreadcrumbList\",\"@id\":\"https:\/\/aminhaplanta.pt\/minhaplanta\/resolucao-alternativa-de-litigios\/#breadcrumb\",\"itemListElement\":[{\"@type\":\"ListItem\",\"position\":1,\"name\":\"In\u00edcio\",\"item\":\"https:\/\/aminhaplanta.pt\/minhaplanta\/\"},{\"@type\":\"ListItem\",\"position\":2,\"name\":\"Resolu\u00e7\u00e3o Alternativa de Lit\u00edgios\"}]},{\"@type\":\"WebSite\",\"@id\":\"https:\/\/aminhaplanta.pt\/minhaplanta\/#website\",\"url\":\"https:\/\/aminhaplanta.pt\/minhaplanta\/\",\"name\":\"A Minha Planta\",\"description\":\"\",\"publisher\":{\"@id\":\"https:\/\/aminhaplanta.pt\/minhaplanta\/#organization\"},\"potentialAction\":[{\"@type\":\"SearchAction\",\"target\":{\"@type\":\"EntryPoint\",\"urlTemplate\":\"https:\/\/aminhaplanta.pt\/minhaplanta\/?s={search_term_string}\"},\"query-input\":{\"@type\":\"PropertyValueSpecification\",\"valueRequired\":true,\"valueName\":\"search_term_string\"}}],\"inLanguage\":\"pt-PT\"},{\"@type\":\"Organization\",\"@id\":\"https:\/\/aminhaplanta.pt\/minhaplanta\/#organization\",\"name\":\"A Minha Planta\",\"url\":\"https:\/\/aminhaplanta.pt\/minhaplanta\/\",\"logo\":{\"@type\":\"ImageObject\",\"inLanguage\":\"pt-PT\",\"@id\":\"https:\/\/aminhaplanta.pt\/minhaplanta\/#\/schema\/logo\/image\/\",\"url\":\"https:\/\/aminhaplanta.pt\/minhaplanta\/wp-content\/uploads\/2024\/12\/cropped-Camada-1@2x.png\",\"contentUrl\":\"https:\/\/aminhaplanta.pt\/minhaplanta\/wp-content\/uploads\/2024\/12\/cropped-Camada-1@2x.png\",\"width\":338,\"height\":156,\"caption\":\"A Minha Planta\"},\"image\":{\"@id\":\"https:\/\/aminhaplanta.pt\/minhaplanta\/#\/schema\/logo\/image\/\"}}]}<\/script>\n<!-- \/ Yoast SEO plugin. -->","yoast_head_json":{"title":"Resolu\u00e7\u00e3o Alternativa de Lit\u00edgios - A Minha Planta","robots":{"index":"index","follow":"follow","max-snippet":"max-snippet:-1","max-image-preview":"max-image-preview:large","max-video-preview":"max-video-preview:-1"},"canonical":"https:\/\/aminhaplanta.pt\/minhaplanta\/resolucao-alternativa-de-litigios\/","og_locale":"pt_PT","og_type":"article","og_title":"Resolu\u00e7\u00e3o Alternativa de Lit\u00edgios - A Minha Planta","og_description":"De acordo com a Lei n\u00ba 144\/2015, em caso de lit\u00edgio o consumidor pode recorrer a uma Entidade de Resolu\u00e7\u00e3o Alternativa de Lit\u00edgios: CIAB * http:\/\/ciab.pt || CNIACC * http:\/\/arbitragemdeconsumo.org \u00a0 Mais informa\u00e7\u00f5es em Portal do Consumidor (www.consumidor.pt). \u00a0 Para toda e qualquer ac\u00e7\u00e3o judicial decorrente da compra e venda\/presta\u00e7\u00e3o de servi\u00e7os fica estabelecido como [&hellip;]","og_url":"https:\/\/aminhaplanta.pt\/minhaplanta\/resolucao-alternativa-de-litigios\/","og_site_name":"A Minha Planta","article_modified_time":"2024-12-11T13:54:03+00:00","twitter_card":"summary_large_image","schema":{"@context":"https:\/\/schema.org","@graph":[{"@type":"WebPage","@id":"https:\/\/aminhaplanta.pt\/minhaplanta\/resolucao-alternativa-de-litigios\/","url":"https:\/\/aminhaplanta.pt\/minhaplanta\/resolucao-alternativa-de-litigios\/","name":"Resolu\u00e7\u00e3o Alternativa de Lit\u00edgios - A Minha Planta","isPartOf":{"@id":"https:\/\/aminhaplanta.pt\/minhaplanta\/#website"},"datePublished":"2024-12-06T16:38:39+00:00","dateModified":"2024-12-11T13:54:03+00:00","breadcrumb":{"@id":"https:\/\/aminhaplanta.pt\/minhaplanta\/resolucao-alternativa-de-litigios\/#breadcrumb"},"inLanguage":"pt-PT","potentialAction":[{"@type":"ReadAction","target":["https:\/\/aminhaplanta.pt\/minhaplanta\/resolucao-alternativa-de-litigios\/"]}]},{"@type":"BreadcrumbList","@id":"https:\/\/aminhaplanta.pt\/minhaplanta\/resolucao-alternativa-de-litigios\/#breadcrumb","itemListElement":[{"@type":"ListItem","position":1,"name":"In\u00edcio","item":"https:\/\/aminhaplanta.pt\/minhaplanta\/"},{"@type":"ListItem","position":2,"name":"Resolu\u00e7\u00e3o Alternativa de Lit\u00edgios"}]},{"@type":"WebSite","@id":"https:\/\/aminhaplanta.pt\/minhaplanta\/#website","url":"https:\/\/aminhaplanta.pt\/minhaplanta\/","name":"A Minha Planta","description":"","publisher":{"@id":"https:\/\/aminhaplanta.pt\/minhaplanta\/#organization"},"potentialAction":[{"@type":"SearchAction","target":{"@type":"EntryPoint","urlTemplate":"https:\/\/aminhaplanta.pt\/minhaplanta\/?s={search_term_string}"},"query-input":{"@type":"PropertyValueSpecification","valueRequired":true,"valueName":"search_term_string"}}],"inLanguage":"pt-PT"},{"@type":"Organization","@id":"https:\/\/aminhaplanta.pt\/minhaplanta\/#organization","name":"A Minha Planta","url":"https:\/\/aminhaplanta.pt\/minhaplanta\/","logo":{"@type":"ImageObject","inLanguage":"pt-PT","@id":"https:\/\/aminhaplanta.pt\/minhaplanta\/#\/schema\/logo\/image\/","url":"https:\/\/aminhaplanta.pt\/minhaplanta\/wp-content\/uploads\/2024\/12\/cropped-Camada-1@2x.png","contentUrl":"https:\/\/aminhaplanta.pt\/minhaplanta\/wp-content\/uploads\/2024\/12\/cropped-Camada-1@2x.png","width":338,"height":156,"caption":"A Minha Planta"},"image":{"@id":"https:\/\/aminhaplanta.pt\/minhaplanta\/#\/schema\/logo\/image\/"}}]}},"_links":{"self":[{"href":"https:\/\/aminhaplanta.pt\/minhaplanta\/wp-json\/wp\/v2\/pages\/198","targetHints":{"allow":["GET"]}}],"collection":[{"href":"https:\/\/aminhaplanta.pt\/minhaplanta\/wp-json\/wp\/v2\/pages"}],"about":[{"href":"https:\/\/aminhaplanta.pt\/minhaplanta\/wp-json\/wp\/v2\/types\/page"}],"author":[{"embeddable":true,"href":"https:\/\/aminhaplanta.pt\/minhaplanta\/wp-json\/wp\/v2\/users\/1"}],"replies":[{"embeddable":true,"href":"https:\/\/aminhaplanta.pt\/minhaplanta\/wp-json\/wp\/v2\/comments?post=198"}],"version-history":[{"count":13,"href":"https:\/\/aminhaplanta.pt\/minhaplanta\/wp-json\/wp\/v2\/pages\/198\/revisions"}],"predecessor-version":[{"id":642,"href":"https:\/\/aminhaplanta.pt\/minhaplanta\/wp-json\/wp\/v2\/pages\/198\/revisions\/642"}],"wp:attachment":[{"href":"https:\/\/aminhaplanta.pt\/minhaplanta\/wp-json\/wp\/v2\/media?parent=198"}],"curies":[{"name":"wp","href":"https:\/\/api.w.org\/{rel}","templated":true}]}}