{"id":176,"date":"2024-12-06T16:11:28","date_gmt":"2024-12-06T16:11:28","guid":{"rendered":"https:\/\/aminhaplanta.pt\/minhaplanta\/?page_id=176"},"modified":"2024-12-06T16:15:23","modified_gmt":"2024-12-06T16:15:23","slug":"politica-de-privacidade","status":"publish","type":"page","link":"https:\/\/aminhaplanta.pt\/minhaplanta\/politica-de-privacidade\/","title":{"rendered":"Pol\u00edtica de Privacidade"},"content":{"rendered":"\t\t<div data-elementor-type=\"wp-page\" data-elementor-id=\"176\" class=\"elementor elementor-176\" data-elementor-post-type=\"page\">\n\t\t\t\t\t\t<section class=\"elementor-section elementor-top-section elementor-element elementor-element-0c83c75 elementor-section-height-min-height elementor-section-boxed elementor-section-height-default elementor-section-items-middle\" data-id=\"0c83c75\" data-element_type=\"section\" data-settings=\"{&quot;background_background&quot;:&quot;classic&quot;}\">\n\t\t\t\t\t\t\t<div class=\"elementor-background-overlay\"><\/div>\n\t\t\t\t\t\t\t<div class=\"elementor-container elementor-column-gap-default\">\n\t\t\t\t\t<div class=\"elementor-column elementor-col-100 elementor-top-column elementor-element elementor-element-0f37e8e\" data-id=\"0f37e8e\" data-element_type=\"column\">\n\t\t\t<div class=\"elementor-widget-wrap elementor-element-populated\">\n\t\t\t\t\t\t<div class=\"elementor-element elementor-element-2ed85e5 elementor-widget elementor-widget-heading\" data-id=\"2ed85e5\" data-element_type=\"widget\" data-widget_type=\"heading.default\">\n\t\t\t\t<div class=\"elementor-widget-container\">\n\t\t\t<h1 class=\"elementor-heading-title elementor-size-default\">Pol\u00edtica de Privacidade<\/h1>\t\t<\/div>\n\t\t\t\t<\/div>\n\t\t\t\t\t<\/div>\n\t\t<\/div>\n\t\t\t\t\t<\/div>\n\t\t<\/section>\n\t\t<div class=\"elementor-element elementor-element-6ac5fe9 e-flex e-con-boxed e-con e-parent\" data-id=\"6ac5fe9\" data-element_type=\"container\">\n\t\t\t\t\t<div class=\"e-con-inner\">\n\t\t\t\t<div class=\"elementor-element elementor-element-39071df custom-p elementor-widget elementor-widget-text-editor\" data-id=\"39071df\" data-element_type=\"widget\" data-widget_type=\"text-editor.default\">\n\t\t\t\t<div class=\"elementor-widget-container\">\n\t\t\t\t\t\t\t<p>Por favor leia com aten\u00e7\u00e3o a nossa Pol\u00edtica de Cookies e Politica de Privacidade.<br \/>Caso n\u00e3o concorde com a mesma n\u00e3o dever\u00e1 usar o presente Website.<\/p><p>A presente Pol\u00edtica de Cookies e Pol\u00edtica de Privacidade enuncia as formas de recolha e utiliza\u00e7\u00e3o dos dados pessoais, assim como as medidas de salvaguarda e seguran\u00e7a adotadas no tratamento dos mesmos.<\/p><p>A MINHA PLANTA \u2013 MOBILI\u00c1RIO URBANO E PLANTAS,LDA em nome de Ana Cristina de Sousa Oliva Fernandes da Fonseca e de Crist\u00f3v\u00e3o dos Santos David, NIF 507368908 daqui em diante designada A MINHA PLANTA, LDA, reconhece a import\u00e2ncia da privacidade. Nunca venderemos a sua informa\u00e7\u00e3o para terceiros, sejam eles particulares ou empresas.<br \/>O website <a href=\"https:\/\/aminhaplanta.pt\/\">https:\/\/aminhaplanta.pt<\/a> \u00e9 propriedade da A MINHA PLANTA, LDA com sede em ESTRADA NACIONAL 18, 3A 6230-028 FUND\u00c3O.<\/p><p>POL\u00cdTICA DE COOKIES<\/p><p>A MINHA PLANTA, LDA utiliza cookies que ajudam a oferecer-lhe um melhor servi\u00e7o e experi\u00eancia como utilizador do nosso site. Ao navegar no nosso site concorda com a utiliza\u00e7\u00e3o de cookies.<br \/>Para garantir que o nosso site apresenta uma boa experi\u00eancia de navega\u00e7\u00e3o para os visitantes e disponibilizar um servi\u00e7o mais personalizado, o nosso servidor utiliza cookies (pequenos ficheiros informativos) para recolher e guardar informa\u00e7\u00e3o.<br \/>Caso pretenda, poder\u00e1 desativar esta configura\u00e7\u00e3o no seu navegador, com preju\u00edzo de limitar acesso a determinadas \u00e1reas do site ou de receber informa\u00e7\u00e3o personalizada.<br \/>A utiliza\u00e7\u00e3o de cookies \u00e9 uma pr\u00e1tica corrente na generalidade dos sites com o objetivo de poupar tempo ao utilizador e facilitar a navega\u00e7\u00e3o.<br \/>A MINHA PLANTA, LDA poder\u00e1 utilizar cookies com a finalidade de recolher informa\u00e7\u00e3o durante a sua visita ao site, tais como as zonas que visita e as atividades em que participa. Estes ficheiros s\u00e3o usados para evitar que o visitante tenha de introduzir repetidamente a sua informa\u00e7\u00e3o pessoal, facilitar a navega\u00e7\u00e3o e a personaliza\u00e7\u00e3o do servi\u00e7o. Os cookies poder\u00e3o ser utilizados para ajudar nas suas utiliza\u00e7\u00f5es futuras na aplica\u00e7\u00e3o. Uma vez que o computador consegue identificar a informa\u00e7\u00e3o pessoal que j\u00e1 foi disponibilizada, n\u00e3o lhe ser\u00e1 pedida novamente informa\u00e7\u00e3o j\u00e1 anteriormente disponibilizada.\u00a0<br \/>O utilizador pode aceitar ou eliminar os cookies. A maioria dos navegadores ou aplica\u00e7\u00f5es de navega\u00e7\u00e3o na Internet aceita cookies automaticamente. Caso o utilizador n\u00e3o pretenda utilizar cookies dever\u00e1 alterar as defini\u00e7\u00f5es do seu navegador relativamente \u00e0 aceita\u00e7\u00e3o ou n\u00e3o de cookies.<\/p><p>POL\u00cdTICA DE PRIVACIDADE<\/p><p>Recolha de Informa\u00e7\u00e3o<strong><br \/><\/strong>Sempre que for necess\u00e1rio a recolha de informa\u00e7\u00e3o pessoal, a utiliza\u00e7\u00e3o dessa mesma informa\u00e7\u00e3o ser\u00e1 efetuada no cumprimento dos termos da legisla\u00e7\u00e3o aplic\u00e1vel, Regulamento (UE) 2016\/679 do Parlamento Europeu e do Conselho, de 27 de abril de 2016, \u00e9 garantido ao titular dos dados o direito de acesso, retifica\u00e7\u00e3o, altera\u00e7\u00e3o, elimina\u00e7\u00e3o e portabilidade dos seus dados pessoais, mediante pedido escrito para a entidade respons\u00e1vel, remetido por correio registado para ESTRADA NACIONAL 18, 3A 6230-028 FUND\u00c3O ou por correio eletr\u00f3nico dirigido a aminhaplanta@hidropaisagem.pt<\/p><p>O titular dos dados pode, ainda, apresentar reclama\u00e7\u00e3o junto da CNPD ou de outra autoridade de controlo nacional.<\/p><p>Toda a informa\u00e7\u00e3o recolhida \u00e9 cedida de forma volunt\u00e1ria seja via website, formul\u00e1rios online, question\u00e1rios, promo\u00e7\u00f5es de servi\u00e7os e\/ou passatempos. A MINHA PLANTA, LDA recolhe dados pessoais, tais como nomes, moradas, e-mails, n\u00fameros de telefone, endere\u00e7o IP, dados demogr\u00e1ficos e sobre estilos de vida para os fins que adiante se encontram indicados. A entidade respons\u00e1vel pela recolha e tratamento dos dados pessoais \u00e9 A MINHA PLANTA, LDA.<\/p><p>Utiliza\u00e7\u00e3o da Informa\u00e7\u00e3o Recolhida<strong><br \/><\/strong>A MINHA PLANTA, LDA compromete-se a cumprir as normas de tratamento de dados pessoais em vigor em Portugal.<br \/>A informa\u00e7\u00e3o obtida poder\u00e1 ser utilizada pela A MINHA PLANTA, LDA, para enviar informa\u00e7\u00e3o sobre marketing ou a\u00e7\u00f5es comerciais desenvolvidas para o efeito.<br \/>Os dados recolhidos destinam-se exclusivamente a uso da A MINHA PLANTA, LDA , por forma a dar seguimento aos pedidos efetuados atrav\u00e9s desta p\u00e1gina web, sendo garantida a privacidade e prote\u00e7\u00e3o dos dados dos utilizadores.<br \/>A MINHA PLANTA, LDA pode ceder a informa\u00e7\u00e3o pessoal do utilizador a outras empresas, quando necessitar de o fazer para lhe fornecer um produto ou servi\u00e7o, sendo garantido que apenas \u00e9 partilhada a informa\u00e7\u00e3o m\u00ednima necess\u00e1ria para a satisfa\u00e7\u00e3o do pedido.<\/p><p>Direito de Aceso, Retifica\u00e7\u00e3o, Cancelamento e Oposi\u00e7\u00e3o<strong><br \/><\/strong>Em conformidade com o Regulamento (UE) 2016\/679 do Parlamento Europeu e do Conselho, de 27 de abril de 2016, qualquer pessoa pode solicitar o acesso aos respetivos dados pessoais, podendo tomar conhecimento do seu teor, bem como, exigir a sua retifica\u00e7\u00e3o, atualiza\u00e7\u00e3o ou solicitar a sua destrui\u00e7\u00e3o, por pedido escrito dirigido ao Gerador para o endere\u00e7o de email: aminhaplanta@hidropaisagem.pt<\/p><p><strong>Conserva\u00e7\u00e3o dos Dados<\/strong><\/p><p>Os dados pessoais ser\u00e3o conservados durante o per\u00edodo necess\u00e1rio para cumprir as finalidades referidas ou enquanto existirem obriga\u00e7\u00f5es legais a que estejamos sujeitos. Para dados de fatura\u00e7\u00e3o, manteremos a informa\u00e7\u00e3o por um per\u00edodo m\u00ednimo de 10 anos, conforme previsto na legisla\u00e7\u00e3o fiscal.<\/p><p><strong>\u00a0<\/strong><\/p><p>Seguran\u00e7a e Prote\u00e7\u00e3o de Dados<strong><br \/><\/strong>A MINHA PLANTA, LDA compromete-se a adotar as medidas de seguran\u00e7a necess\u00e1rias para garantir a salvaguarda dos dados pessoais dos utilizadores contra a sua eventual utiliza\u00e7\u00e3o abusiva ou contra o acesso n\u00e3o autorizado.<br \/>N\u00e3o obstante e, n\u00e3o sendo a internet um meio de comunica\u00e7\u00e3o 100% seguro, A MINHA PLANTA, LDA n\u00e3o poder\u00e1 garantir a seguran\u00e7a de qualquer informa\u00e7\u00e3o que divulgue online, nem se responsabilizar por perdas ou danos causados ao utilizador como consequ\u00eancia da perda de confidencialidade da informa\u00e7\u00e3o.<\/p><p>Responsabilidade<strong><br \/><\/strong>Nesta p\u00e1gina web os utilizadores poder\u00e3o encontrar links que o reencaminham para outras p\u00e1ginas web fora do dom\u00ednio dos servidores da A MINHA PLANTA, LDA que poder\u00e3o eles pr\u00f3prios recolher dados ou solicitar informa\u00e7\u00e3o pessoal. A presente Pol\u00edtica de Privacidade n\u00e3o se aplica a sites terceiros, pelo que, dever\u00e1 ler a Pol\u00edtica de Privacidade dos sites terceiros que visitar, sendo que n\u00e3o nos responsabilizamos pelo conte\u00fado e informa\u00e7\u00e3o presente nesses mesmos sites.<\/p><p>Concord\u00e2ncia da Pol\u00edtica de Privacidade<strong><br \/><\/strong>Entende-se que o utilizador aceita as condi\u00e7\u00f5es desta pol\u00edtica de privacidade ao introduzir os seus dados. O preenchimento dos formul\u00e1rios sup\u00f5e o consentimento por parte do utilizador do tratamento automatizado e utiliza\u00e7\u00e3o dos dados de acordo com as condi\u00e7\u00f5es de privacidade descritas neste documento.<\/p><p>Altera\u00e7\u00f5es \u00e0 Pol\u00edtica de Privacidade<strong><br \/><\/strong>A MINHA PLANTA, LDA reserva-se ao direito de, a qualquer momento, atualizar ou rever a presente Pol\u00edtica de Privacidade a fim de a ajustar a eventuais altera\u00e7\u00f5es legislativas e\/ou outros condicionalismos. Qualquer altera\u00e7\u00e3o efetuada ser\u00e1 publicada neste espa\u00e7o, pelo que o utilizador dever\u00e1 visitar frequentemente esta \u00e1rea no sentido de se manter informado sobre a Pol\u00edtica de Privacidade em vigor.<\/p><p>Fund\u00e3o, 05 de Dezembro de 2024<\/p>\t\t\t\t\t\t<\/div>\n\t\t\t\t<\/div>\n\t\t\t\t\t<\/div>\n\t\t\t\t<\/div>\n\t\t\t\t<\/div>\n\t\t","protected":false},"excerpt":{"rendered":"<p>Por favor leia com aten\u00e7\u00e3o a nossa Pol\u00edtica de Cookies e Politica de Privacidade.Caso n\u00e3o concorde com a mesma n\u00e3o dever\u00e1 usar o presente Website. A presente Pol\u00edtica de Cookies e Pol\u00edtica de Privacidade enuncia as formas de recolha e utiliza\u00e7\u00e3o dos dados pessoais, assim como as medidas de salvaguarda e seguran\u00e7a adotadas no tratamento [&hellip;]<\/p>\n","protected":false},"author":1,"featured_media":0,"parent":0,"menu_order":0,"comment_status":"closed","ping_status":"closed","template":"","meta":{"footnotes":""},"class_list":["post-176","page","type-page","status-publish","hentry"],"yoast_head":"<!-- This site is optimized with the Yoast SEO plugin v24.0 - https:\/\/yoast.com\/wordpress\/plugins\/seo\/ -->\n<title>Pol\u00edtica de Privacidade - A Minha Planta<\/title>\n<meta name=\"robots\" content=\"index, follow, max-snippet:-1, max-image-preview:large, max-video-preview:-1\" \/>\n<link rel=\"canonical\" href=\"https:\/\/aminhaplanta.pt\/minhaplanta\/politica-de-privacidade\/\" \/>\n<meta property=\"og:locale\" content=\"pt_PT\" \/>\n<meta property=\"og:type\" content=\"article\" \/>\n<meta property=\"og:title\" content=\"Pol\u00edtica de Privacidade - A Minha Planta\" \/>\n<meta property=\"og:description\" content=\"Por favor leia com aten\u00e7\u00e3o a nossa Pol\u00edtica de Cookies e Politica de Privacidade.Caso n\u00e3o concorde com a mesma n\u00e3o dever\u00e1 usar o presente Website. A presente Pol\u00edtica de Cookies e Pol\u00edtica de Privacidade enuncia as formas de recolha e utiliza\u00e7\u00e3o dos dados pessoais, assim como as medidas de salvaguarda e seguran\u00e7a adotadas no tratamento [&hellip;]\" \/>\n<meta property=\"og:url\" content=\"https:\/\/aminhaplanta.pt\/minhaplanta\/politica-de-privacidade\/\" \/>\n<meta property=\"og:site_name\" content=\"A Minha Planta\" \/>\n<meta property=\"article:modified_time\" content=\"2024-12-06T16:15:23+00:00\" \/>\n<meta name=\"twitter:card\" content=\"summary_large_image\" \/>\n<meta name=\"twitter:label1\" content=\"Tempo estimado de leitura\" \/>\n\t<meta name=\"twitter:data1\" content=\"6 minutos\" \/>\n<script type=\"application\/ld+json\" class=\"yoast-schema-graph\">{\"@context\":\"https:\/\/schema.org\",\"@graph\":[{\"@type\":\"WebPage\",\"@id\":\"https:\/\/aminhaplanta.pt\/minhaplanta\/politica-de-privacidade\/\",\"url\":\"https:\/\/aminhaplanta.pt\/minhaplanta\/politica-de-privacidade\/\",\"name\":\"Pol\u00edtica de Privacidade - A Minha Planta\",\"isPartOf\":{\"@id\":\"https:\/\/aminhaplanta.pt\/minhaplanta\/#website\"},\"datePublished\":\"2024-12-06T16:11:28+00:00\",\"dateModified\":\"2024-12-06T16:15:23+00:00\",\"breadcrumb\":{\"@id\":\"https:\/\/aminhaplanta.pt\/minhaplanta\/politica-de-privacidade\/#breadcrumb\"},\"inLanguage\":\"pt-PT\",\"potentialAction\":[{\"@type\":\"ReadAction\",\"target\":[\"https:\/\/aminhaplanta.pt\/minhaplanta\/politica-de-privacidade\/\"]}]},{\"@type\":\"BreadcrumbList\",\"@id\":\"https:\/\/aminhaplanta.pt\/minhaplanta\/politica-de-privacidade\/#breadcrumb\",\"itemListElement\":[{\"@type\":\"ListItem\",\"position\":1,\"name\":\"In\u00edcio\",\"item\":\"https:\/\/aminhaplanta.pt\/minhaplanta\/\"},{\"@type\":\"ListItem\",\"position\":2,\"name\":\"Pol\u00edtica de Privacidade\"}]},{\"@type\":\"WebSite\",\"@id\":\"https:\/\/aminhaplanta.pt\/minhaplanta\/#website\",\"url\":\"https:\/\/aminhaplanta.pt\/minhaplanta\/\",\"name\":\"A Minha Planta\",\"description\":\"\",\"publisher\":{\"@id\":\"https:\/\/aminhaplanta.pt\/minhaplanta\/#organization\"},\"potentialAction\":[{\"@type\":\"SearchAction\",\"target\":{\"@type\":\"EntryPoint\",\"urlTemplate\":\"https:\/\/aminhaplanta.pt\/minhaplanta\/?s={search_term_string}\"},\"query-input\":{\"@type\":\"PropertyValueSpecification\",\"valueRequired\":true,\"valueName\":\"search_term_string\"}}],\"inLanguage\":\"pt-PT\"},{\"@type\":\"Organization\",\"@id\":\"https:\/\/aminhaplanta.pt\/minhaplanta\/#organization\",\"name\":\"A Minha Planta\",\"url\":\"https:\/\/aminhaplanta.pt\/minhaplanta\/\",\"logo\":{\"@type\":\"ImageObject\",\"inLanguage\":\"pt-PT\",\"@id\":\"https:\/\/aminhaplanta.pt\/minhaplanta\/#\/schema\/logo\/image\/\",\"url\":\"https:\/\/aminhaplanta.pt\/minhaplanta\/wp-content\/uploads\/2024\/12\/cropped-Camada-1@2x.png\",\"contentUrl\":\"https:\/\/aminhaplanta.pt\/minhaplanta\/wp-content\/uploads\/2024\/12\/cropped-Camada-1@2x.png\",\"width\":338,\"height\":156,\"caption\":\"A Minha Planta\"},\"image\":{\"@id\":\"https:\/\/aminhaplanta.pt\/minhaplanta\/#\/schema\/logo\/image\/\"}}]}<\/script>\n<!-- \/ Yoast SEO plugin. -->","yoast_head_json":{"title":"Pol\u00edtica de Privacidade - A Minha Planta","robots":{"index":"index","follow":"follow","max-snippet":"max-snippet:-1","max-image-preview":"max-image-preview:large","max-video-preview":"max-video-preview:-1"},"canonical":"https:\/\/aminhaplanta.pt\/minhaplanta\/politica-de-privacidade\/","og_locale":"pt_PT","og_type":"article","og_title":"Pol\u00edtica de Privacidade - A Minha Planta","og_description":"Por favor leia com aten\u00e7\u00e3o a nossa Pol\u00edtica de Cookies e Politica de Privacidade.Caso n\u00e3o concorde com a mesma n\u00e3o dever\u00e1 usar o presente Website. A presente Pol\u00edtica de Cookies e Pol\u00edtica de Privacidade enuncia as formas de recolha e utiliza\u00e7\u00e3o dos dados pessoais, assim como as medidas de salvaguarda e seguran\u00e7a adotadas no tratamento [&hellip;]","og_url":"https:\/\/aminhaplanta.pt\/minhaplanta\/politica-de-privacidade\/","og_site_name":"A Minha Planta","article_modified_time":"2024-12-06T16:15:23+00:00","twitter_card":"summary_large_image","twitter_misc":{"Tempo estimado de leitura":"6 minutos"},"schema":{"@context":"https:\/\/schema.org","@graph":[{"@type":"WebPage","@id":"https:\/\/aminhaplanta.pt\/minhaplanta\/politica-de-privacidade\/","url":"https:\/\/aminhaplanta.pt\/minhaplanta\/politica-de-privacidade\/","name":"Pol\u00edtica de Privacidade - A Minha Planta","isPartOf":{"@id":"https:\/\/aminhaplanta.pt\/minhaplanta\/#website"},"datePublished":"2024-12-06T16:11:28+00:00","dateModified":"2024-12-06T16:15:23+00:00","breadcrumb":{"@id":"https:\/\/aminhaplanta.pt\/minhaplanta\/politica-de-privacidade\/#breadcrumb"},"inLanguage":"pt-PT","potentialAction":[{"@type":"ReadAction","target":["https:\/\/aminhaplanta.pt\/minhaplanta\/politica-de-privacidade\/"]}]},{"@type":"BreadcrumbList","@id":"https:\/\/aminhaplanta.pt\/minhaplanta\/politica-de-privacidade\/#breadcrumb","itemListElement":[{"@type":"ListItem","position":1,"name":"In\u00edcio","item":"https:\/\/aminhaplanta.pt\/minhaplanta\/"},{"@type":"ListItem","position":2,"name":"Pol\u00edtica de Privacidade"}]},{"@type":"WebSite","@id":"https:\/\/aminhaplanta.pt\/minhaplanta\/#website","url":"https:\/\/aminhaplanta.pt\/minhaplanta\/","name":"A Minha Planta","description":"","publisher":{"@id":"https:\/\/aminhaplanta.pt\/minhaplanta\/#organization"},"potentialAction":[{"@type":"SearchAction","target":{"@type":"EntryPoint","urlTemplate":"https:\/\/aminhaplanta.pt\/minhaplanta\/?s={search_term_string}"},"query-input":{"@type":"PropertyValueSpecification","valueRequired":true,"valueName":"search_term_string"}}],"inLanguage":"pt-PT"},{"@type":"Organization","@id":"https:\/\/aminhaplanta.pt\/minhaplanta\/#organization","name":"A Minha Planta","url":"https:\/\/aminhaplanta.pt\/minhaplanta\/","logo":{"@type":"ImageObject","inLanguage":"pt-PT","@id":"https:\/\/aminhaplanta.pt\/minhaplanta\/#\/schema\/logo\/image\/","url":"https:\/\/aminhaplanta.pt\/minhaplanta\/wp-content\/uploads\/2024\/12\/cropped-Camada-1@2x.png","contentUrl":"https:\/\/aminhaplanta.pt\/minhaplanta\/wp-content\/uploads\/2024\/12\/cropped-Camada-1@2x.png","width":338,"height":156,"caption":"A Minha Planta"},"image":{"@id":"https:\/\/aminhaplanta.pt\/minhaplanta\/#\/schema\/logo\/image\/"}}]}},"_links":{"self":[{"href":"https:\/\/aminhaplanta.pt\/minhaplanta\/wp-json\/wp\/v2\/pages\/176","targetHints":{"allow":["GET"]}}],"collection":[{"href":"https:\/\/aminhaplanta.pt\/minhaplanta\/wp-json\/wp\/v2\/pages"}],"about":[{"href":"https:\/\/aminhaplanta.pt\/minhaplanta\/wp-json\/wp\/v2\/types\/page"}],"author":[{"embeddable":true,"href":"https:\/\/aminhaplanta.pt\/minhaplanta\/wp-json\/wp\/v2\/users\/1"}],"replies":[{"embeddable":true,"href":"https:\/\/aminhaplanta.pt\/minhaplanta\/wp-json\/wp\/v2\/comments?post=176"}],"version-history":[{"count":4,"href":"https:\/\/aminhaplanta.pt\/minhaplanta\/wp-json\/wp\/v2\/pages\/176\/revisions"}],"predecessor-version":[{"id":181,"href":"https:\/\/aminhaplanta.pt\/minhaplanta\/wp-json\/wp\/v2\/pages\/176\/revisions\/181"}],"wp:attachment":[{"href":"https:\/\/aminhaplanta.pt\/minhaplanta\/wp-json\/wp\/v2\/media?parent=176"}],"curies":[{"name":"wp","href":"https:\/\/api.w.org\/{rel}","templated":true}]}}